{"id":1619,"date":"2023-12-05T13:13:37","date_gmt":"2023-12-05T11:13:37","guid":{"rendered":"https:\/\/otuscar.com\/flota-wynajmu-samochodow-na-rodos\/"},"modified":"2023-12-13T21:50:59","modified_gmt":"2023-12-13T19:50:59","slug":"flota-wynajmu-samochodow-na-rodos","status":"publish","type":"page","link":"https:\/\/otuscar.com\/pl\/flota-wynajmu-samochodow-na-rodos\/","title":{"rendered":"Flota wynajmu samochod\u00f3w na Rodos"},"content":{"rendered":"\t\t<div data-elementor-type=\"wp-page\" data-elementor-id=\"1619\" class=\"elementor elementor-1619 elementor-431\" data-elementor-post-type=\"page\">\n\t\t\t\t\t\t<section class=\"elementor-section elementor-top-section elementor-element elementor-element-779ef8f4 elementor-section-boxed elementor-section-height-default elementor-section-height-default\" data-id=\"779ef8f4\" data-element_type=\"section\" data-e-type=\"section\">\n\t\t\t\t\t\t<div class=\"elementor-container elementor-column-gap-default\">\n\t\t\t\t\t<div class=\"elementor-column elementor-col-100 elementor-top-column elementor-element elementor-element-761a7d2\" data-id=\"761a7d2\" data-element_type=\"column\" data-e-type=\"column\">\n\t\t\t<div class=\"elementor-widget-wrap elementor-element-populated\">\n\t\t\t\t\t\t<div class=\"elementor-element elementor-element-b311995 elementor-widget elementor-widget-text-editor\" data-id=\"b311995\" data-element_type=\"widget\" data-e-type=\"widget\" data-widget_type=\"text-editor.default\">\n\t\t\t\t<div class=\"elementor-widget-container\">\n\t\t\t\t\t\t\t\t\t\n<div class=\"wp-block-cover alignfull is-light has-background-dim-NaN\"><span aria-hidden=\"true\" class=\"wp-block-cover__background has-background-dim\"><\/span><img fetchpriority=\"high\" decoding=\"async\" width=\"1800\" height=\"1200\" class=\"wp-block-cover__image-background wp-image-472\" src=\"https:\/\/otuscar.com\/wp-content\/uploads\/2020\/02\/Rhodes-mandraki-otuscar.jpg\" style=\"object-position:70% 50%\" data-object-fit=\"cover\" data-object-position=\"70% 50%\" srcset=\"https:\/\/otuscar.com\/wp-content\/uploads\/2020\/02\/Rhodes-mandraki-otuscar.jpg 1800w, https:\/\/otuscar.com\/wp-content\/uploads\/2020\/02\/Rhodes-mandraki-otuscar-300x200.jpg 300w, https:\/\/otuscar.com\/wp-content\/uploads\/2020\/02\/Rhodes-mandraki-otuscar-1024x683.jpg 1024w, https:\/\/otuscar.com\/wp-content\/uploads\/2020\/02\/Rhodes-mandraki-otuscar-768x512.jpg 768w, https:\/\/otuscar.com\/wp-content\/uploads\/2020\/02\/Rhodes-mandraki-otuscar-1536x1024.jpg 1536w\" sizes=\"(max-width: 1800px) 100vw, 1800px\" \/><div class=\"wp-block-cover__inner-container\">\n<h1 class=\"wp-block-heading has-text-align-center has-text-color\" style=\"color:#ffffff\">Nasza flota<\/h1>\n\n\n\n<p><\/p>\n<\/div><\/div>\n\n\n\n<section class=\"wp-block-uagb-section uagb-section__wrap uagb-section__background-undefined uagb-block-857ef77a-3ee1-4db5-b084-bfced0bf6c27\"><div class=\"uagb-section__overlay\"><\/div><div class=\"uagb-section__inner-wrap\">\n\n<\/div><\/section>\n\t\t\t\t\t\t\t\t<\/div>\n\t\t\t\t<\/div>\n\t\t\t\t\t<\/div>\n\t\t<\/div>\n\t\t\t\t\t<\/div>\n\t\t<\/section>\n\t\t\t\t<\/div>\n\t\t","protected":false},"excerpt":{"rendered":"<p>Nasza flota<\/p>\n","protected":false},"author":1,"featured_media":0,"parent":0,"menu_order":0,"comment_status":"closed","ping_status":"closed","template":"","meta":{"_uag_custom_page_level_css":"","site-sidebar-layout":"no-sidebar","site-content-layout":"default","ast-site-content-layout":"default","site-content-style":"default","site-sidebar-style":"default","ast-global-header-display":"","ast-banner-title-visibility":"","ast-main-header-display":"","ast-hfb-above-header-display":"","ast-hfb-below-header-display":"","ast-hfb-mobile-header-display":"","site-post-title":"disabled","ast-breadcrumbs-content":"","ast-featured-img":"disabled","footer-sml-layout":"","ast-disable-related-posts":"","theme-transparent-header-meta":"default","adv-header-id-meta":"","stick-header-meta":"default","header-above-stick-meta":"","header-main-stick-meta":"","header-below-stick-meta":"","astra-migrate-meta-layouts":"default","ast-page-background-enabled":"default","ast-page-background-meta":{"desktop":{"background-color":"","background-image":"","background-repeat":"repeat","background-position":"center center","background-size":"auto","background-attachment":"scroll","background-type":"","background-media":"","overlay-type":"","overlay-color":"","overlay-opacity":"","overlay-gradient":""},"tablet":{"background-color":"","background-image":"","background-repeat":"repeat","background-position":"center center","background-size":"auto","background-attachment":"scroll","background-type":"","background-media":"","overlay-type":"","overlay-color":"","overlay-opacity":"","overlay-gradient":""},"mobile":{"background-color":"","background-image":"","background-repeat":"repeat","background-position":"center center","background-size":"auto","background-attachment":"scroll","background-type":"","background-media":"","overlay-type":"","overlay-color":"","overlay-opacity":"","overlay-gradient":""}},"ast-content-background-meta":{"desktop":{"background-color":"var(--ast-global-color-5)","background-image":"","background-repeat":"repeat","background-position":"center center","background-size":"auto","background-attachment":"scroll","background-type":"","background-media":"","overlay-type":"","overlay-color":"","overlay-opacity":"","overlay-gradient":""},"tablet":{"background-color":"var(--ast-global-color-5)","background-image":"","background-repeat":"repeat","background-position":"center center","background-size":"auto","background-attachment":"scroll","background-type":"","background-media":"","overlay-type":"","overlay-color":"","overlay-opacity":"","overlay-gradient":""},"mobile":{"background-color":"var(--ast-global-color-5)","background-image":"","background-repeat":"repeat","background-position":"center center","background-size":"auto","background-attachment":"scroll","background-type":"","background-media":"","overlay-type":"","overlay-color":"","overlay-opacity":"","overlay-gradient":""}},"footnotes":""},"class_list":["post-1619","page","type-page","status-publish","hentry"],"yoast_head":"<!-- This site is optimized with the Yoast SEO plugin v27.4 - https:\/\/yoast.com\/product\/yoast-seo-wordpress\/ -->\n<title>Flota wynajmu samochod\u00f3w Otus | Wynajem samochodu Rodos | Wynajmij samoch\u00f3d Rodos<\/title>\n<meta name=\"description\" content=\"Wynajem samochod\u00f3w Otus \u2013 Fleet by Rhodes. Tutaj znajdziesz grupy samochod\u00f3w i mo\u017cesz od razu wybra\u0107 i zarezerwowa\u0107 samoch\u00f3d z grupy.\" \/>\n<meta name=\"robots\" content=\"index, follow, max-snippet:-1, max-image-preview:large, max-video-preview:-1\" \/>\n<link rel=\"canonical\" href=\"https:\/\/otuscar.com\/pl\/flota-wynajmu-samochodow-na-rodos\/\" \/>\n<meta property=\"og:locale\" content=\"pl_PL\" \/>\n<meta property=\"og:type\" content=\"article\" \/>\n<meta property=\"og:title\" content=\"Flota wynajmu samochod\u00f3w Otus | Wynajem samochodu Rodos | Wynajmij samoch\u00f3d Rodos\" \/>\n<meta property=\"og:description\" content=\"Wynajem samochod\u00f3w Otus \u2013 Fleet by Rhodes. Tutaj znajdziesz grupy samochod\u00f3w i mo\u017cesz od razu wybra\u0107 i zarezerwowa\u0107 samoch\u00f3d z grupy.\" \/>\n<meta property=\"og:url\" content=\"https:\/\/otuscar.com\/pl\/flota-wynajmu-samochodow-na-rodos\/\" \/>\n<meta property=\"og:site_name\" content=\"Otus Car\" \/>\n<meta property=\"article:modified_time\" content=\"2023-12-13T19:50:59+00:00\" \/>\n<meta property=\"og:image\" content=\"https:\/\/otuscar.com\/wp-content\/uploads\/2020\/02\/Rhodes-mandraki-otuscar.jpg\" \/>\n<meta name=\"twitter:card\" content=\"summary_large_image\" \/>\n<script type=\"application\/ld+json\" class=\"yoast-schema-graph\">{\"@context\":\"https:\\\/\\\/schema.org\",\"@graph\":[{\"@type\":\"WebPage\",\"@id\":\"https:\\\/\\\/otuscar.com\\\/pl\\\/flota-wynajmu-samochodow-na-rodos\\\/\",\"url\":\"https:\\\/\\\/otuscar.com\\\/pl\\\/flota-wynajmu-samochodow-na-rodos\\\/\",\"name\":\"Flota wynajmu samochod\u00f3w Otus | Wynajem samochodu Rodos | Wynajmij samoch\u00f3d Rodos\",\"isPartOf\":{\"@id\":\"https:\\\/\\\/otuscar.com\\\/#website\"},\"primaryImageOfPage\":{\"@id\":\"https:\\\/\\\/otuscar.com\\\/pl\\\/flota-wynajmu-samochodow-na-rodos\\\/#primaryimage\"},\"image\":{\"@id\":\"https:\\\/\\\/otuscar.com\\\/pl\\\/flota-wynajmu-samochodow-na-rodos\\\/#primaryimage\"},\"thumbnailUrl\":\"https:\\\/\\\/otuscar.com\\\/wp-content\\\/uploads\\\/2020\\\/02\\\/Rhodes-mandraki-otuscar.jpg\",\"datePublished\":\"2023-12-05T11:13:37+00:00\",\"dateModified\":\"2023-12-13T19:50:59+00:00\",\"description\":\"Wynajem samochod\u00f3w Otus \u2013 Fleet by Rhodes. Tutaj znajdziesz grupy samochod\u00f3w i mo\u017cesz od razu wybra\u0107 i zarezerwowa\u0107 samoch\u00f3d z grupy.\",\"breadcrumb\":{\"@id\":\"https:\\\/\\\/otuscar.com\\\/pl\\\/flota-wynajmu-samochodow-na-rodos\\\/#breadcrumb\"},\"inLanguage\":\"pl-PL\",\"potentialAction\":[{\"@type\":\"ReadAction\",\"target\":[\"https:\\\/\\\/otuscar.com\\\/pl\\\/flota-wynajmu-samochodow-na-rodos\\\/\"]}]},{\"@type\":\"ImageObject\",\"inLanguage\":\"pl-PL\",\"@id\":\"https:\\\/\\\/otuscar.com\\\/pl\\\/flota-wynajmu-samochodow-na-rodos\\\/#primaryimage\",\"url\":\"https:\\\/\\\/otuscar.com\\\/wp-content\\\/uploads\\\/2020\\\/02\\\/Rhodes-mandraki-otuscar.jpg\",\"contentUrl\":\"https:\\\/\\\/otuscar.com\\\/wp-content\\\/uploads\\\/2020\\\/02\\\/Rhodes-mandraki-otuscar.jpg\"},{\"@type\":\"BreadcrumbList\",\"@id\":\"https:\\\/\\\/otuscar.com\\\/pl\\\/flota-wynajmu-samochodow-na-rodos\\\/#breadcrumb\",\"itemListElement\":[{\"@type\":\"ListItem\",\"position\":1,\"name\":\"Home\",\"item\":\"https:\\\/\\\/otuscar.com\\\/pl\\\/dom\\\/\"},{\"@type\":\"ListItem\",\"position\":2,\"name\":\"Flota wynajmu samochod\u00f3w na Rodos\"}]},{\"@type\":\"WebSite\",\"@id\":\"https:\\\/\\\/otuscar.com\\\/#website\",\"url\":\"https:\\\/\\\/otuscar.com\\\/\",\"name\":\"Otus Car\",\"description\":\"Economy Car Rental In Rhodes. Free  Airport delivery, Free Cancelation, Instant Confirmation\",\"publisher\":{\"@id\":\"https:\\\/\\\/otuscar.com\\\/#organization\"},\"potentialAction\":[{\"@type\":\"SearchAction\",\"target\":{\"@type\":\"EntryPoint\",\"urlTemplate\":\"https:\\\/\\\/otuscar.com\\\/?s={search_term_string}\"},\"query-input\":{\"@type\":\"PropertyValueSpecification\",\"valueRequired\":true,\"valueName\":\"search_term_string\"}}],\"inLanguage\":\"pl-PL\"},{\"@type\":\"Organization\",\"@id\":\"https:\\\/\\\/otuscar.com\\\/#organization\",\"name\":\"Otus Car\",\"url\":\"https:\\\/\\\/otuscar.com\\\/\",\"logo\":{\"@type\":\"ImageObject\",\"inLanguage\":\"pl-PL\",\"@id\":\"https:\\\/\\\/otuscar.com\\\/#\\\/schema\\\/logo\\\/image\\\/\",\"url\":\"https:\\\/\\\/otuscar.com\\\/wp-content\\\/uploads\\\/2020\\\/02\\\/otus-car-rental-terms-logo.jpg\",\"contentUrl\":\"https:\\\/\\\/otuscar.com\\\/wp-content\\\/uploads\\\/2020\\\/02\\\/otus-car-rental-terms-logo.jpg\",\"width\":450,\"height\":223,\"caption\":\"Otus Car\"},\"image\":{\"@id\":\"https:\\\/\\\/otuscar.com\\\/#\\\/schema\\\/logo\\\/image\\\/\"}}]}<\/script>\n<!-- \/ Yoast SEO plugin. -->","yoast_head_json":{"title":"Flota wynajmu samochod\u00f3w Otus | Wynajem samochodu Rodos | Wynajmij samoch\u00f3d Rodos","description":"Wynajem samochod\u00f3w Otus \u2013 Fleet by Rhodes. Tutaj znajdziesz grupy samochod\u00f3w i mo\u017cesz od razu wybra\u0107 i zarezerwowa\u0107 samoch\u00f3d z grupy.","robots":{"index":"index","follow":"follow","max-snippet":"max-snippet:-1","max-image-preview":"max-image-preview:large","max-video-preview":"max-video-preview:-1"},"canonical":"https:\/\/otuscar.com\/pl\/flota-wynajmu-samochodow-na-rodos\/","og_locale":"pl_PL","og_type":"article","og_title":"Flota wynajmu samochod\u00f3w Otus | Wynajem samochodu Rodos | Wynajmij samoch\u00f3d Rodos","og_description":"Wynajem samochod\u00f3w Otus \u2013 Fleet by Rhodes. Tutaj znajdziesz grupy samochod\u00f3w i mo\u017cesz od razu wybra\u0107 i zarezerwowa\u0107 samoch\u00f3d z grupy.","og_url":"https:\/\/otuscar.com\/pl\/flota-wynajmu-samochodow-na-rodos\/","og_site_name":"Otus Car","article_modified_time":"2023-12-13T19:50:59+00:00","og_image":[{"url":"https:\/\/otuscar.com\/wp-content\/uploads\/2020\/02\/Rhodes-mandraki-otuscar.jpg","type":"","width":"","height":""}],"twitter_card":"summary_large_image","schema":{"@context":"https:\/\/schema.org","@graph":[{"@type":"WebPage","@id":"https:\/\/otuscar.com\/pl\/flota-wynajmu-samochodow-na-rodos\/","url":"https:\/\/otuscar.com\/pl\/flota-wynajmu-samochodow-na-rodos\/","name":"Flota wynajmu samochod\u00f3w Otus | Wynajem samochodu Rodos | Wynajmij samoch\u00f3d Rodos","isPartOf":{"@id":"https:\/\/otuscar.com\/#website"},"primaryImageOfPage":{"@id":"https:\/\/otuscar.com\/pl\/flota-wynajmu-samochodow-na-rodos\/#primaryimage"},"image":{"@id":"https:\/\/otuscar.com\/pl\/flota-wynajmu-samochodow-na-rodos\/#primaryimage"},"thumbnailUrl":"https:\/\/otuscar.com\/wp-content\/uploads\/2020\/02\/Rhodes-mandraki-otuscar.jpg","datePublished":"2023-12-05T11:13:37+00:00","dateModified":"2023-12-13T19:50:59+00:00","description":"Wynajem samochod\u00f3w Otus \u2013 Fleet by Rhodes. Tutaj znajdziesz grupy samochod\u00f3w i mo\u017cesz od razu wybra\u0107 i zarezerwowa\u0107 samoch\u00f3d z grupy.","breadcrumb":{"@id":"https:\/\/otuscar.com\/pl\/flota-wynajmu-samochodow-na-rodos\/#breadcrumb"},"inLanguage":"pl-PL","potentialAction":[{"@type":"ReadAction","target":["https:\/\/otuscar.com\/pl\/flota-wynajmu-samochodow-na-rodos\/"]}]},{"@type":"ImageObject","inLanguage":"pl-PL","@id":"https:\/\/otuscar.com\/pl\/flota-wynajmu-samochodow-na-rodos\/#primaryimage","url":"https:\/\/otuscar.com\/wp-content\/uploads\/2020\/02\/Rhodes-mandraki-otuscar.jpg","contentUrl":"https:\/\/otuscar.com\/wp-content\/uploads\/2020\/02\/Rhodes-mandraki-otuscar.jpg"},{"@type":"BreadcrumbList","@id":"https:\/\/otuscar.com\/pl\/flota-wynajmu-samochodow-na-rodos\/#breadcrumb","itemListElement":[{"@type":"ListItem","position":1,"name":"Home","item":"https:\/\/otuscar.com\/pl\/dom\/"},{"@type":"ListItem","position":2,"name":"Flota wynajmu samochod\u00f3w na Rodos"}]},{"@type":"WebSite","@id":"https:\/\/otuscar.com\/#website","url":"https:\/\/otuscar.com\/","name":"Otus Car","description":"Economy Car Rental In Rhodes. Free  Airport delivery, Free Cancelation, Instant Confirmation","publisher":{"@id":"https:\/\/otuscar.com\/#organization"},"potentialAction":[{"@type":"SearchAction","target":{"@type":"EntryPoint","urlTemplate":"https:\/\/otuscar.com\/?s={search_term_string}"},"query-input":{"@type":"PropertyValueSpecification","valueRequired":true,"valueName":"search_term_string"}}],"inLanguage":"pl-PL"},{"@type":"Organization","@id":"https:\/\/otuscar.com\/#organization","name":"Otus Car","url":"https:\/\/otuscar.com\/","logo":{"@type":"ImageObject","inLanguage":"pl-PL","@id":"https:\/\/otuscar.com\/#\/schema\/logo\/image\/","url":"https:\/\/otuscar.com\/wp-content\/uploads\/2020\/02\/otus-car-rental-terms-logo.jpg","contentUrl":"https:\/\/otuscar.com\/wp-content\/uploads\/2020\/02\/otus-car-rental-terms-logo.jpg","width":450,"height":223,"caption":"Otus Car"},"image":{"@id":"https:\/\/otuscar.com\/#\/schema\/logo\/image\/"}}]}},"uagb_featured_image_src":{"full":false,"thumbnail":false,"medium":false,"medium_large":false,"large":false,"1536x1536":false,"2048x2048":false},"uagb_author_info":{"display_name":"naxiand","author_link":"https:\/\/otuscar.com\/pl\/author\/naxiand\/"},"uagb_comment_info":0,"uagb_excerpt":"Nasza flota","_links":{"self":[{"href":"https:\/\/otuscar.com\/pl\/wp-json\/wp\/v2\/pages\/1619","targetHints":{"allow":["GET"]}}],"collection":[{"href":"https:\/\/otuscar.com\/pl\/wp-json\/wp\/v2\/pages"}],"about":[{"href":"https:\/\/otuscar.com\/pl\/wp-json\/wp\/v2\/types\/page"}],"author":[{"embeddable":true,"href":"https:\/\/otuscar.com\/pl\/wp-json\/wp\/v2\/users\/1"}],"replies":[{"embeddable":true,"href":"https:\/\/otuscar.com\/pl\/wp-json\/wp\/v2\/comments?post=1619"}],"version-history":[{"count":2,"href":"https:\/\/otuscar.com\/pl\/wp-json\/wp\/v2\/pages\/1619\/revisions"}],"predecessor-version":[{"id":1786,"href":"https:\/\/otuscar.com\/pl\/wp-json\/wp\/v2\/pages\/1619\/revisions\/1786"}],"wp:attachment":[{"href":"https:\/\/otuscar.com\/pl\/wp-json\/wp\/v2\/media?parent=1619"}],"curies":[{"name":"wp","href":"https:\/\/api.w.org\/{rel}","templated":true}]}}